{"id":6043,"date":"2022-06-20T10:45:26","date_gmt":"2022-06-20T15:45:26","guid":{"rendered":"http:\/\/ts-insurance.three.zysites.com\/about-us\/"},"modified":"2023-11-15T09:39:24","modified_gmt":"2023-11-15T15:39:24","slug":"about-us","status":"publish","type":"page","link":"https:\/\/www.tsinsurancetx.com\/es\/about-us\/","title":{"rendered":"Sobre nosotros"},"content":{"rendered":"<p>En nuestra agencia, estamos muy orgullosos de la calidad del servicio que brindamos a nuestros clientes.<\/p>\n<p>Ya sea que nuestros clientes necesiten ayuda para presentar un reclamo, procesar un pago o simplemente comprender su cobertura de seguro, siempre estaremos listos para ayudar.<\/p>\n<p>Conocemos a nuestros clientes y conocemos los seguros, por lo que nuestros clientes disfrutan de la tranquilidad de saber que su agencia de seguros puede ayudarlos sin importar cu\u00e1n grandes, peque\u00f1as, \u00fanicas o espec\u00edficas sean sus necesidades de seguro. Con los a\u00f1os de experiencia que aportamos, no hay mucho que no hayamos visto antes, y nunca se sabe cu\u00e1ndo ser\u00e1 \u00fatil.<\/p>\n<p>Gracias por tomarse el tiempo para aprender m\u00e1s sobre nuestra agencia y no dude en contactarnos en cualquier momento sobre cualquier tema.<\/p>\n","protected":false},"excerpt":{"rendered":"<p>En nuestra agencia, estamos muy orgullosos de la calidad del servicio que brindamos a nuestros clientes. Ya sea que nuestros clientes necesiten ayuda para presentar un reclamo, procesar un pago o simplemente comprender su cobertura de seguro, siempre estaremos listos para ayudar. Conocemos a nuestros clientes y conocemos los seguros, por lo que nuestros clientes [&hellip;]<\/p>\n","protected":false},"author":35,"featured_media":0,"parent":0,"menu_order":0,"comment_status":"closed","ping_status":"closed","template":"","meta":{"_acf_changed":false,"_seopress_robots_primary_cat":null,"_seopress_titles_title":"","_seopress_titles_desc":"","_seopress_robots_index":"","_analytify_skip_tracking":false,"footnotes":""},"class_list":["post-6043","page","type-page","status-publish","hentry"],"acf":[],"_links":{"self":[{"href":"https:\/\/www.tsinsurancetx.com\/es\/wp-json\/wp\/v2\/pages\/6043","targetHints":{"allow":["GET"]}}],"collection":[{"href":"https:\/\/www.tsinsurancetx.com\/es\/wp-json\/wp\/v2\/pages"}],"about":[{"href":"https:\/\/www.tsinsurancetx.com\/es\/wp-json\/wp\/v2\/types\/page"}],"author":[{"embeddable":true,"href":"https:\/\/www.tsinsurancetx.com\/es\/wp-json\/wp\/v2\/users\/35"}],"replies":[{"embeddable":true,"href":"https:\/\/www.tsinsurancetx.com\/es\/wp-json\/wp\/v2\/comments?post=6043"}],"version-history":[{"count":0,"href":"https:\/\/www.tsinsurancetx.com\/es\/wp-json\/wp\/v2\/pages\/6043\/revisions"}],"wp:attachment":[{"href":"https:\/\/www.tsinsurancetx.com\/es\/wp-json\/wp\/v2\/media?parent=6043"}],"curies":[{"name":"wp","href":"https:\/\/api.w.org\/{rel}","templated":true}]}}